{"id":4,"date":"2015-01-23T23:49:59","date_gmt":"2015-01-23T23:49:59","guid":{"rendered":"http:\/\/web1.schunet.com\/itswp\/?page_id=4"},"modified":"2026-01-30T13:18:02","modified_gmt":"2026-01-30T12:18:02","slug":"leistungen","status":"publish","type":"page","link":"https:\/\/www.its-rn.de\/?page_id=4","title":{"rendered":"Leistungen"},"content":{"rendered":"<p>Folgende Dienstleistungen biete ich Ihnen an:<\/p>\n<ul>\n<li>Beratung von Hard- und Software<\/li>\n<li>Installation, Wartung und Betreuung von Hard- und Software<\/li>\n<li>Anpassung von Hard- und Software<\/li>\n<li>Schulung der Mitarbeiterinnen und Mitarbeiter<\/li>\n<li>Netzwerkinstallation, Netzwerkl\u00f6sungen und Administration von Netzwerken<\/li>\n<li>Sicherheittstechnik im IT Bereich<\/li>\n<li>Infodisplay Systeme und digitale Werbel\u00f6sungen<\/li>\n<li>Video\u00fcberwachung auf IP Basis<\/li>\n<li>Virtualisierungsl\u00f6sungen mit VMware &amp; Proxmox<\/li>\n<li>Cloud L\u00f6sungen<\/li>\n<li>Server Verwaltung, Reparatur, Aufr\u00fcstung &amp; Migrationen<\/li>\n<li>Email Migration zu Office 365, Sharepoints, Domains<\/li>\n<li>VoIP Telefonie L\u00f6sungen, KI Ansagen<\/li>\n<li>Beratung bei Unterbrechungsfreie Stromversorgung (USV)<\/li>\n<li>Krisensichere IT wie ausfallsichere Internet L\u00f6sungen<\/li>\n<li>Projektmanagement f\u00fcr komplette IT L\u00f6sungen<\/li>\n<\/ul>\n","protected":false},"excerpt":{"rendered":"<p>Folgende Dienstleistungen biete ich Ihnen an: Beratung von Hard- und Software Installation, Wartung und Betreuung von Hard- und Software Anpassung von Hard- und Software Schulung der Mitarbeiterinnen und Mitarbeiter Netzwerkinstallation, Netzwerkl\u00f6sungen und Administration von Netzwerken Sicherheittstechnik im IT Bereich Infodisplay Systeme und digitale Werbel\u00f6sungen Video\u00fcberwachung auf IP Basis Virtualisierungsl\u00f6sungen mit VMware &amp; Proxmox Cloud L\u00f6sungen [&hellip;]<\/p>\n","protected":false},"author":2,"featured_media":0,"parent":0,"menu_order":0,"comment_status":"closed","ping_status":"closed","template":"","meta":{"footnotes":""},"class_list":["post-4","page","type-page","status-publish","hentry"],"_links":{"self":[{"href":"https:\/\/www.its-rn.de\/index.php?rest_route=\/wp\/v2\/pages\/4","targetHints":{"allow":["GET"]}}],"collection":[{"href":"https:\/\/www.its-rn.de\/index.php?rest_route=\/wp\/v2\/pages"}],"about":[{"href":"https:\/\/www.its-rn.de\/index.php?rest_route=\/wp\/v2\/types\/page"}],"author":[{"embeddable":true,"href":"https:\/\/www.its-rn.de\/index.php?rest_route=\/wp\/v2\/users\/2"}],"replies":[{"embeddable":true,"href":"https:\/\/www.its-rn.de\/index.php?rest_route=%2Fwp%2Fv2%2Fcomments&post=4"}],"version-history":[{"count":10,"href":"https:\/\/www.its-rn.de\/index.php?rest_route=\/wp\/v2\/pages\/4\/revisions"}],"predecessor-version":[{"id":133,"href":"https:\/\/www.its-rn.de\/index.php?rest_route=\/wp\/v2\/pages\/4\/revisions\/133"}],"wp:attachment":[{"href":"https:\/\/www.its-rn.de\/index.php?rest_route=%2Fwp%2Fv2%2Fmedia&parent=4"}],"curies":[{"name":"wp","href":"https:\/\/api.w.org\/{rel}","templated":true}]}}