{"id":98,"date":"2024-12-17T20:45:27","date_gmt":"2024-12-17T19:45:27","guid":{"rendered":"https:\/\/www.its-rn.de\/?page_id=98"},"modified":"2026-01-30T12:52:31","modified_gmt":"2026-01-30T11:52:31","slug":"home","status":"publish","type":"page","link":"https:\/\/www.its-rn.de\/","title":{"rendered":"Willkommen auf der Webseite von ITS-RN"},"content":{"rendered":"\n<p>Seit 2009 bin ich t\u00e4glich f\u00fcr meine Kunden auf der Suche nach den optimalen IT L\u00f6sungen. Was lohnt sich und was lohnt sich nicht. Nicht immer das teuerste ist auch das beste. Jedoch das beste oder nichts! <br>Sprechen Sie mich an oder schreiben Sie mir eine E-Mail wenn Sie f\u00fcr Ihr Unternehmen IT Beratung oder Hilfe bei der Umsetzung ben\u00f6tigen. Ich zeige Ihnen die verschiedene Wege die man einschlagen kann mit seinen Vor- und Nachteilen.<br>Garantiert offen und direkt!<\/p>\n\n\n\n<p>In allen Bereichen vertreten. Zugriff auf Pools von IT Kollegen mit einem breiten Wissen.<\/p>\n\n\n\n<p>Nicht z\u00f6gern und treten Sie in Kontakt. Besser Heute als Morgen! Take it easy!<\/p>\n\n\n\n<p><\/p>\n\n\n\n<p><\/p>\n","protected":false},"excerpt":{"rendered":"<p>Seit 2009 bin ich t\u00e4glich f\u00fcr meine Kunden auf der Suche nach den optimalen IT L\u00f6sungen. Was lohnt sich und was lohnt sich nicht. Nicht immer das teuerste ist auch das beste. Jedoch das beste oder nichts! Sprechen Sie mich an oder schreiben Sie mir eine E-Mail wenn Sie f\u00fcr Ihr Unternehmen IT Beratung oder [&hellip;]<\/p>\n","protected":false},"author":1,"featured_media":0,"parent":0,"menu_order":0,"comment_status":"closed","ping_status":"closed","template":"","meta":{"footnotes":""},"class_list":["post-98","page","type-page","status-publish","hentry"],"_links":{"self":[{"href":"https:\/\/www.its-rn.de\/index.php?rest_route=\/wp\/v2\/pages\/98","targetHints":{"allow":["GET"]}}],"collection":[{"href":"https:\/\/www.its-rn.de\/index.php?rest_route=\/wp\/v2\/pages"}],"about":[{"href":"https:\/\/www.its-rn.de\/index.php?rest_route=\/wp\/v2\/types\/page"}],"author":[{"embeddable":true,"href":"https:\/\/www.its-rn.de\/index.php?rest_route=\/wp\/v2\/users\/1"}],"replies":[{"embeddable":true,"href":"https:\/\/www.its-rn.de\/index.php?rest_route=%2Fwp%2Fv2%2Fcomments&post=98"}],"version-history":[{"count":6,"href":"https:\/\/www.its-rn.de\/index.php?rest_route=\/wp\/v2\/pages\/98\/revisions"}],"predecessor-version":[{"id":113,"href":"https:\/\/www.its-rn.de\/index.php?rest_route=\/wp\/v2\/pages\/98\/revisions\/113"}],"wp:attachment":[{"href":"https:\/\/www.its-rn.de\/index.php?rest_route=%2Fwp%2Fv2%2Fmedia&parent=98"}],"curies":[{"name":"wp","href":"https:\/\/api.w.org\/{rel}","templated":true}]}}